{"id":10506,"date":"2024-11-01T17:40:34","date_gmt":"2024-11-01T15:40:34","guid":{"rendered":"https:\/\/www.mornamaa.ee\/romer-glasses\/"},"modified":"2024-11-01T17:46:22","modified_gmt":"2024-11-01T15:46:22","slug":"romer-glasses","status":"publish","type":"page","link":"https:\/\/www.mornamaa.ee\/en\/romer-glasses\/","title":{"rendered":"R\u00f6mer Glasses"},"content":{"rendered":"\t\t<div data-elementor-type=\"wp-post\" data-elementor-id=\"10506\" class=\"elementor elementor-10506 elementor-5418\" data-elementor-post-type=\"page\">\n\t\t\t\t\t\t<section class=\"elementor-section elementor-top-section elementor-element elementor-element-31c31b elementor-section-height-min-height elementor-section-items-bottom elementor-section-content-top elementor-section-full_width elementor-section-height-default\" data-id=\"31c31b\" data-element_type=\"section\" data-settings=\"{&quot;background_background&quot;:&quot;classic&quot;}\">\n\t\t\t\t\t\t\t<div class=\"elementor-background-overlay\"><\/div>\n\t\t\t\t\t\t\t<div class=\"elementor-container elementor-column-gap-default\">\n\t\t\t\t\t<div class=\"elementor-column elementor-col-100 elementor-top-column elementor-element elementor-element-6aef242\" data-id=\"6aef242\" data-element_type=\"column\">\n\t\t\t<div class=\"elementor-widget-wrap elementor-element-populated\">\n\t\t\t\t\t\t<div class=\"elementor-element elementor-element-18b00da elementor-widget elementor-widget-heading\" data-id=\"18b00da\" data-element_type=\"widget\" data-widget_type=\"heading.default\">\n\t\t\t\t<div class=\"elementor-widget-container\">\n\t\t\t\t\t<h1 class=\"elementor-heading-title elementor-size-default\">R\u00f6mer Glasses<\/h1>\t\t\t\t<\/div>\n\t\t\t\t<\/div>\n\t\t\t\t\t<\/div>\n\t\t<\/div>\n\t\t\t\t\t<\/div>\n\t\t<\/section>\n\t\t\t\t<section class=\"elementor-section elementor-top-section elementor-element elementor-element-29397d6 elementor-section-boxed elementor-section-height-default elementor-section-height-default\" data-id=\"29397d6\" data-element_type=\"section\">\n\t\t\t\t\t\t<div class=\"elementor-container elementor-column-gap-default\">\n\t\t\t\t\t<div class=\"elementor-column elementor-col-12 elementor-top-column elementor-element elementor-element-8477715\" data-id=\"8477715\" data-element_type=\"column\">\n\t\t\t<div class=\"elementor-widget-wrap elementor-element-populated\">\n\t\t\t\t\t\t<div class=\"elementor-element elementor-element-2f4be30 elementor-align-right elementor-mobile-align-center elementor-widget elementor-widget-button\" data-id=\"2f4be30\" data-element_type=\"widget\" data-widget_type=\"button.default\">\n\t\t\t\t<div class=\"elementor-widget-container\">\n\t\t\t\t\t\t\t\t\t<div class=\"elementor-button-wrapper\">\n\t\t\t\t\t<a class=\"elementor-button elementor-button-link elementor-size-sm\" href=\"https:\/\/www.mornamaa.ee\/en\/vine-pruning\/\">\n\t\t\t\t\t\t<span class=\"elementor-button-content-wrapper\">\n\t\t\t\t\t\t\t\t\t<span class=\"elementor-button-text\">Vine Pruning<\/span>\n\t\t\t\t\t<\/span>\n\t\t\t\t\t<\/a>\n\t\t\t\t<\/div>\n\t\t\t\t\t\t\t\t<\/div>\n\t\t\t\t<\/div>\n\t\t\t\t\t<\/div>\n\t\t<\/div>\n\t\t\t\t<div class=\"elementor-column elementor-col-12 elementor-top-column elementor-element elementor-element-2eba030\" data-id=\"2eba030\" data-element_type=\"column\">\n\t\t\t<div class=\"elementor-widget-wrap elementor-element-populated\">\n\t\t\t\t\t\t<div class=\"elementor-element elementor-element-7b89a2f elementor-align-center elementor-widget elementor-widget-button\" data-id=\"7b89a2f\" data-element_type=\"widget\" data-widget_type=\"button.default\">\n\t\t\t\t<div class=\"elementor-widget-container\">\n\t\t\t\t\t\t\t\t\t<div class=\"elementor-button-wrapper\">\n\t\t\t\t\t<a class=\"elementor-button elementor-button-link elementor-size-sm\" href=\"https:\/\/www.mornamaa.ee\/en\/sickle\/\">\n\t\t\t\t\t\t<span class=\"elementor-button-content-wrapper\">\n\t\t\t\t\t\t\t\t\t<span class=\"elementor-button-text\">Sickle<\/span>\n\t\t\t\t\t<\/span>\n\t\t\t\t\t<\/a>\n\t\t\t\t<\/div>\n\t\t\t\t\t\t\t\t<\/div>\n\t\t\t\t<\/div>\n\t\t\t\t\t<\/div>\n\t\t<\/div>\n\t\t\t\t<div class=\"elementor-column elementor-col-12 elementor-top-column elementor-element elementor-element-be98a7d\" data-id=\"be98a7d\" data-element_type=\"column\">\n\t\t\t<div class=\"elementor-widget-wrap elementor-element-populated\">\n\t\t\t\t\t\t<div class=\"elementor-element elementor-element-bfc97cf elementor-align-center elementor-widget elementor-widget-button\" data-id=\"bfc97cf\" data-element_type=\"widget\" data-widget_type=\"button.default\">\n\t\t\t\t<div class=\"elementor-widget-container\">\n\t\t\t\t\t\t\t\t\t<div class=\"elementor-button-wrapper\">\n\t\t\t\t\t<a class=\"elementor-button elementor-button-link elementor-size-sm\" href=\"https:\/\/www.mornamaa.ee\/en\/grape-pressing\/\">\n\t\t\t\t\t\t<span class=\"elementor-button-content-wrapper\">\n\t\t\t\t\t\t\t\t\t<span class=\"elementor-button-text\">Grape Pressing<\/span>\n\t\t\t\t\t<\/span>\n\t\t\t\t\t<\/a>\n\t\t\t\t<\/div>\n\t\t\t\t\t\t\t\t<\/div>\n\t\t\t\t<\/div>\n\t\t\t\t\t<\/div>\n\t\t<\/div>\n\t\t\t\t<div class=\"elementor-column elementor-col-12 elementor-top-column elementor-element elementor-element-4c8daa9\" data-id=\"4c8daa9\" data-element_type=\"column\">\n\t\t\t<div class=\"elementor-widget-wrap elementor-element-populated\">\n\t\t\t\t\t\t<div class=\"elementor-element elementor-element-7d6a071 elementor-align-center elementor-widget elementor-widget-button\" data-id=\"7d6a071\" data-element_type=\"widget\" data-widget_type=\"button.default\">\n\t\t\t\t<div class=\"elementor-widget-container\">\n\t\t\t\t\t\t\t\t\t<div class=\"elementor-button-wrapper\">\n\t\t\t\t\t<a class=\"elementor-button elementor-button-link elementor-size-sm\" href=\"https:\/\/www.mornamaa.ee\/en\/barrels\/\">\n\t\t\t\t\t\t<span class=\"elementor-button-content-wrapper\">\n\t\t\t\t\t\t\t\t\t<span class=\"elementor-button-text\">Barrels<\/span>\n\t\t\t\t\t<\/span>\n\t\t\t\t\t<\/a>\n\t\t\t\t<\/div>\n\t\t\t\t\t\t\t\t<\/div>\n\t\t\t\t<\/div>\n\t\t\t\t\t<\/div>\n\t\t<\/div>\n\t\t\t\t<div class=\"elementor-column elementor-col-12 elementor-top-column elementor-element elementor-element-679076a\" data-id=\"679076a\" data-element_type=\"column\">\n\t\t\t<div class=\"elementor-widget-wrap elementor-element-populated\">\n\t\t\t\t\t\t<div class=\"elementor-element elementor-element-15416c1 elementor-align-center elementor-widget elementor-widget-button\" data-id=\"15416c1\" data-element_type=\"widget\" data-widget_type=\"button.default\">\n\t\t\t\t<div class=\"elementor-widget-container\">\n\t\t\t\t\t\t\t\t\t<div class=\"elementor-button-wrapper\">\n\t\t\t\t\t<a class=\"elementor-button elementor-button-link elementor-size-sm\" href=\"https:\/\/www.mornamaa.ee\/en\/tastevin\/\">\n\t\t\t\t\t\t<span class=\"elementor-button-content-wrapper\">\n\t\t\t\t\t\t\t\t\t<span class=\"elementor-button-text\">Tastevin<\/span>\n\t\t\t\t\t<\/span>\n\t\t\t\t\t<\/a>\n\t\t\t\t<\/div>\n\t\t\t\t\t\t\t\t<\/div>\n\t\t\t\t<\/div>\n\t\t\t\t\t<\/div>\n\t\t<\/div>\n\t\t\t\t<div class=\"elementor-column elementor-col-12 elementor-top-column elementor-element elementor-element-11426ac\" data-id=\"11426ac\" data-element_type=\"column\">\n\t\t\t<div class=\"elementor-widget-wrap elementor-element-populated\">\n\t\t\t\t\t\t<div class=\"elementor-element elementor-element-9fc8a73 elementor-align-center elementor-widget elementor-widget-button\" data-id=\"9fc8a73\" data-element_type=\"widget\" data-widget_type=\"button.default\">\n\t\t\t\t<div class=\"elementor-widget-container\">\n\t\t\t\t\t\t\t\t\t<div class=\"elementor-button-wrapper\">\n\t\t\t\t\t<a class=\"elementor-button elementor-button-link elementor-size-sm\" href=\"https:\/\/www.mornamaa.ee\/en\/cork\/\">\n\t\t\t\t\t\t<span class=\"elementor-button-content-wrapper\">\n\t\t\t\t\t\t\t\t\t<span class=\"elementor-button-text\">Cork<\/span>\n\t\t\t\t\t<\/span>\n\t\t\t\t\t<\/a>\n\t\t\t\t<\/div>\n\t\t\t\t\t\t\t\t<\/div>\n\t\t\t\t<\/div>\n\t\t\t\t\t<\/div>\n\t\t<\/div>\n\t\t\t\t<div class=\"elementor-column elementor-col-12 elementor-top-column elementor-element elementor-element-8d93d00\" data-id=\"8d93d00\" data-element_type=\"column\">\n\t\t\t<div class=\"elementor-widget-wrap elementor-element-populated\">\n\t\t\t\t\t\t<div class=\"elementor-element elementor-element-5d54f29 elementor-align-center elementor-widget elementor-widget-button\" data-id=\"5d54f29\" data-element_type=\"widget\" data-widget_type=\"button.default\">\n\t\t\t\t<div class=\"elementor-widget-container\">\n\t\t\t\t\t\t\t\t\t<div class=\"elementor-button-wrapper\">\n\t\t\t\t\t<a class=\"elementor-button elementor-button-link elementor-size-sm\" href=\"https:\/\/www.mornamaa.ee\/en\/corkscrew\/\">\n\t\t\t\t\t\t<span class=\"elementor-button-content-wrapper\">\n\t\t\t\t\t\t\t\t\t<span class=\"elementor-button-text\">Corkscrew<\/span>\n\t\t\t\t\t<\/span>\n\t\t\t\t\t<\/a>\n\t\t\t\t<\/div>\n\t\t\t\t\t\t\t\t<\/div>\n\t\t\t\t<\/div>\n\t\t\t\t\t<\/div>\n\t\t<\/div>\n\t\t\t\t<div class=\"elementor-column elementor-col-12 elementor-top-column elementor-element elementor-element-0e5e39b\" data-id=\"0e5e39b\" data-element_type=\"column\">\n\t\t\t<div class=\"elementor-widget-wrap elementor-element-populated\">\n\t\t\t\t\t\t<div class=\"elementor-element elementor-element-db1f331 elementor-align-center elementor-widget elementor-widget-button\" data-id=\"db1f331\" data-element_type=\"widget\" data-widget_type=\"button.default\">\n\t\t\t\t<div class=\"elementor-widget-container\">\n\t\t\t\t\t\t\t\t\t<div class=\"elementor-button-wrapper\">\n\t\t\t\t\t<a class=\"elementor-button elementor-button-link elementor-size-sm\" href=\"https:\/\/www.mornamaa.ee\/roomer\/\">\n\t\t\t\t\t\t<span class=\"elementor-button-content-wrapper\">\n\t\t\t\t\t\t\t\t\t<span class=\"elementor-button-text\">R\u00f6mer Glasses<\/span>\n\t\t\t\t\t<\/span>\n\t\t\t\t\t<\/a>\n\t\t\t\t<\/div>\n\t\t\t\t\t\t\t\t<\/div>\n\t\t\t\t<\/div>\n\t\t\t\t\t<\/div>\n\t\t<\/div>\n\t\t\t\t\t<\/div>\n\t\t<\/section>\n\t\t\t\t<section class=\"elementor-section elementor-top-section elementor-element elementor-element-58c0451 elementor-section-boxed elementor-section-height-default elementor-section-height-default\" data-id=\"58c0451\" data-element_type=\"section\">\n\t\t\t\t\t\t<div class=\"elementor-container elementor-column-gap-default\">\n\t\t\t\t\t<div class=\"elementor-column elementor-col-100 elementor-top-column elementor-element elementor-element-495c42d\" data-id=\"495c42d\" data-element_type=\"column\">\n\t\t\t<div class=\"elementor-widget-wrap elementor-element-populated\">\n\t\t\t\t\t\t<div class=\"elementor-element elementor-element-23f6626 elementor-widget elementor-widget-text-editor\" data-id=\"23f6626\" data-element_type=\"widget\" data-widget_type=\"text-editor.default\">\n\t\t\t\t<div class=\"elementor-widget-container\">\n\t\t\t\t\t\t\t\t\t<p><strong>R\u00f6mer Glass: A Distinctive Drinking Vessel<\/strong><\/p><p>The <strong>r\u00f6mer<\/strong> is a large drinking glass adorned with decorative knobs that enhance grip. This type of glass was primarily popular from the 15th to the 17th centuries in the Rhineland and the Netherlands. Unlike the <strong>berkemeyer<\/strong>, r\u00f6mer glasses do not feature a trumpet-shaped bowl, and their upper rims are thinner. The hollow foot is created by twisting molten glass threads around a conical core. Despite their differences, both r\u00f6mer and berkemeyer glasses evolved from German cylindrical cups, which were decorated with knobs and resembled root vegetables.<\/p><p>Typically, r\u00f6mer glasses are green in colour and, similar to berkemeyer glasses, often feature engraved images and inscriptions. As early as the 3rd century AD, skilled glassmakers along the Rhine River were producing works of considerable artistic value. Excavations in Worms, Trier, Cologne, and the Eifel region have uncovered glass workshops believed to date back to the Roman era; the term &#8220;r\u00f6mer&#8221; itself translates to &#8220;Roman&#8221; in German. From ancient Rhineland graves, gilded bowls and cups made using the <em>fondo d\u2019oro<\/em> technique have been found, wherein a gold layer is etched with images between layers of glass. Such techniques persisted until the 5th century, with mythical and biblical motifs being the most common. This period saw the development of the knob, which later became a hallmark of German glassware\u2014an element of style that remains in use fifteen centuries later.<\/p><p>The r\u00f6mer&#8217;s predecessor, the berkemeyer, is a drinking glass with a wide trumpet-shaped bowl that originated in 15th-century Germany and the Netherlands. Glasses of this shape are still produced today, typically in green or yellow hues due to the iron content in the glass sand. Like the r\u00f6mer, the berkemeyer features a thick, hollow foot covered with knobs, making it easier to grip during festive meals. Initially, berkemeyer glasses were crafted from birch branches (berkemei) and were often fitted with lids. [3] The knobs on the feet resemble the rough bark of wooden cups, which inspired the name.<\/p><p>Artists in the Netherlands during the 17th and 18th centuries frequently depicted berkemeyer glasses in their still-life paintings. English r\u00f6mer glasses were originally produced during the Georgian period, beginning around 1780.<\/p><p>R\u00f6mer-style glasses have also been crafted at Tarbeklaas, with notable examples being the glasses designed by Pilvi Ojamaa.<\/p>\t\t\t\t\t\t\t\t<\/div>\n\t\t\t\t<\/div>\n\t\t\t\t\t<\/div>\n\t\t<\/div>\n\t\t\t\t\t<\/div>\n\t\t<\/section>\n\t\t\t\t<\/div>\n\t\t","protected":false},"excerpt":{"rendered":"<p>R\u00f6mer Glasses Vine Pruning Sickle Grape Pressing Barrels Tastevin Cork Corkscrew R\u00f6mer Glasses R\u00f6mer Glass: A Distinctive Drinking Vessel The r\u00f6mer is a large drinking glass adorned with decorative knobs that enhance grip. This type of glass was primarily popular from the 15th to the 17th centuries in the Rhineland and the Netherlands. Unlike the &hellip; <a href=\"https:\/\/www.mornamaa.ee\/en\/romer-glasses\/\" class=\"more-link\">Continue reading <span class=\"screen-reader-text\">R\u00f6mer Glasses<\/span> <span class=\"meta-nav\">&rarr;<\/span><\/a><\/p>\n","protected":false},"author":1,"featured_media":0,"parent":0,"menu_order":0,"comment_status":"closed","ping_status":"closed","template":"elementor_header_footer","meta":{"_acf_changed":false,"footnotes":""},"class_list":["post-10506","page","type-page","status-publish","hentry"],"acf":[],"yoast_head":"<!-- This site is optimized with the Yoast SEO plugin v26.4 - https:\/\/yoast.com\/wordpress\/plugins\/seo\/ -->\n<title>R\u00f6mer Glasses - Morna \u00d5nne talu<\/title>\n<meta name=\"robots\" content=\"index, follow, max-snippet:-1, max-image-preview:large, max-video-preview:-1\" \/>\n<link rel=\"canonical\" href=\"https:\/\/www.mornamaa.ee\/en\/romer-glasses\/\" \/>\n<meta property=\"og:locale\" content=\"en_US\" \/>\n<meta property=\"og:type\" content=\"article\" \/>\n<meta property=\"og:title\" content=\"R\u00f6mer Glasses - Morna \u00d5nne talu\" \/>\n<meta property=\"og:description\" content=\"R\u00f6mer Glasses Vine Pruning Sickle Grape Pressing Barrels Tastevin Cork Corkscrew R\u00f6mer Glasses R\u00f6mer Glass: A Distinctive Drinking Vessel The r\u00f6mer is a large drinking glass adorned with decorative knobs that enhance grip. This type of glass was primarily popular from the 15th to the 17th centuries in the Rhineland and the Netherlands. Unlike the &hellip; Continue reading R\u00f6mer Glasses &rarr;\" \/>\n<meta property=\"og:url\" content=\"https:\/\/www.mornamaa.ee\/en\/romer-glasses\/\" \/>\n<meta property=\"og:site_name\" content=\"Morna \u00d5nne talu\" \/>\n<meta property=\"article:publisher\" content=\"https:\/\/www.facebook.com\/mornamaa\/\" \/>\n<meta property=\"article:modified_time\" content=\"2024-11-01T15:46:22+00:00\" \/>\n<meta name=\"twitter:card\" content=\"summary_large_image\" \/>\n<meta name=\"twitter:label1\" content=\"Est. reading time\" \/>\n\t<meta name=\"twitter:data1\" content=\"2 minutes\" \/>\n<script type=\"application\/ld+json\" class=\"yoast-schema-graph\">{\"@context\":\"https:\/\/schema.org\",\"@graph\":[{\"@type\":\"WebPage\",\"@id\":\"https:\/\/www.mornamaa.ee\/en\/romer-glasses\/\",\"url\":\"https:\/\/www.mornamaa.ee\/en\/romer-glasses\/\",\"name\":\"R\u00f6mer Glasses - Morna \u00d5nne talu\",\"isPartOf\":{\"@id\":\"https:\/\/www.mornamaa.ee\/#website\"},\"datePublished\":\"2024-11-01T15:40:34+00:00\",\"dateModified\":\"2024-11-01T15:46:22+00:00\",\"breadcrumb\":{\"@id\":\"https:\/\/www.mornamaa.ee\/en\/romer-glasses\/#breadcrumb\"},\"inLanguage\":\"en-US\",\"potentialAction\":[{\"@type\":\"ReadAction\",\"target\":[\"https:\/\/www.mornamaa.ee\/en\/romer-glasses\/\"]}]},{\"@type\":\"BreadcrumbList\",\"@id\":\"https:\/\/www.mornamaa.ee\/en\/romer-glasses\/#breadcrumb\",\"itemListElement\":[{\"@type\":\"ListItem\",\"position\":1,\"name\":\"Home\",\"item\":\"https:\/\/www.mornamaa.ee\/en\/\"},{\"@type\":\"ListItem\",\"position\":2,\"name\":\"R\u00f6mer Glasses\"}]},{\"@type\":\"WebSite\",\"@id\":\"https:\/\/www.mornamaa.ee\/#website\",\"url\":\"https:\/\/www.mornamaa.ee\/\",\"name\":\"Morna \u00d5nne talu\",\"description\":\"Veinitalu ja veinimuuseum\",\"potentialAction\":[{\"@type\":\"SearchAction\",\"target\":{\"@type\":\"EntryPoint\",\"urlTemplate\":\"https:\/\/www.mornamaa.ee\/?s={search_term_string}\"},\"query-input\":{\"@type\":\"PropertyValueSpecification\",\"valueRequired\":true,\"valueName\":\"search_term_string\"}}],\"inLanguage\":\"en-US\"}]}<\/script>\n<!-- \/ Yoast SEO plugin. -->","yoast_head_json":{"title":"R\u00f6mer Glasses - Morna \u00d5nne talu","robots":{"index":"index","follow":"follow","max-snippet":"max-snippet:-1","max-image-preview":"max-image-preview:large","max-video-preview":"max-video-preview:-1"},"canonical":"https:\/\/www.mornamaa.ee\/en\/romer-glasses\/","og_locale":"en_US","og_type":"article","og_title":"R\u00f6mer Glasses - Morna \u00d5nne talu","og_description":"R\u00f6mer Glasses Vine Pruning Sickle Grape Pressing Barrels Tastevin Cork Corkscrew R\u00f6mer Glasses R\u00f6mer Glass: A Distinctive Drinking Vessel The r\u00f6mer is a large drinking glass adorned with decorative knobs that enhance grip. This type of glass was primarily popular from the 15th to the 17th centuries in the Rhineland and the Netherlands. Unlike the &hellip; Continue reading R\u00f6mer Glasses &rarr;","og_url":"https:\/\/www.mornamaa.ee\/en\/romer-glasses\/","og_site_name":"Morna \u00d5nne talu","article_publisher":"https:\/\/www.facebook.com\/mornamaa\/","article_modified_time":"2024-11-01T15:46:22+00:00","twitter_card":"summary_large_image","twitter_misc":{"Est. reading time":"2 minutes"},"schema":{"@context":"https:\/\/schema.org","@graph":[{"@type":"WebPage","@id":"https:\/\/www.mornamaa.ee\/en\/romer-glasses\/","url":"https:\/\/www.mornamaa.ee\/en\/romer-glasses\/","name":"R\u00f6mer Glasses - Morna \u00d5nne talu","isPartOf":{"@id":"https:\/\/www.mornamaa.ee\/#website"},"datePublished":"2024-11-01T15:40:34+00:00","dateModified":"2024-11-01T15:46:22+00:00","breadcrumb":{"@id":"https:\/\/www.mornamaa.ee\/en\/romer-glasses\/#breadcrumb"},"inLanguage":"en-US","potentialAction":[{"@type":"ReadAction","target":["https:\/\/www.mornamaa.ee\/en\/romer-glasses\/"]}]},{"@type":"BreadcrumbList","@id":"https:\/\/www.mornamaa.ee\/en\/romer-glasses\/#breadcrumb","itemListElement":[{"@type":"ListItem","position":1,"name":"Home","item":"https:\/\/www.mornamaa.ee\/en\/"},{"@type":"ListItem","position":2,"name":"R\u00f6mer Glasses"}]},{"@type":"WebSite","@id":"https:\/\/www.mornamaa.ee\/#website","url":"https:\/\/www.mornamaa.ee\/","name":"Morna \u00d5nne talu","description":"Veinitalu ja veinimuuseum","potentialAction":[{"@type":"SearchAction","target":{"@type":"EntryPoint","urlTemplate":"https:\/\/www.mornamaa.ee\/?s={search_term_string}"},"query-input":{"@type":"PropertyValueSpecification","valueRequired":true,"valueName":"search_term_string"}}],"inLanguage":"en-US"}]}},"_links":{"self":[{"href":"https:\/\/www.mornamaa.ee\/en\/wp-json\/wp\/v2\/pages\/10506","targetHints":{"allow":["GET"]}}],"collection":[{"href":"https:\/\/www.mornamaa.ee\/en\/wp-json\/wp\/v2\/pages"}],"about":[{"href":"https:\/\/www.mornamaa.ee\/en\/wp-json\/wp\/v2\/types\/page"}],"author":[{"embeddable":true,"href":"https:\/\/www.mornamaa.ee\/en\/wp-json\/wp\/v2\/users\/1"}],"replies":[{"embeddable":true,"href":"https:\/\/www.mornamaa.ee\/en\/wp-json\/wp\/v2\/comments?post=10506"}],"version-history":[{"count":4,"href":"https:\/\/www.mornamaa.ee\/en\/wp-json\/wp\/v2\/pages\/10506\/revisions"}],"predecessor-version":[{"id":10522,"href":"https:\/\/www.mornamaa.ee\/en\/wp-json\/wp\/v2\/pages\/10506\/revisions\/10522"}],"wp:attachment":[{"href":"https:\/\/www.mornamaa.ee\/en\/wp-json\/wp\/v2\/media?parent=10506"}],"curies":[{"name":"wp","href":"https:\/\/api.w.org\/{rel}","templated":true}]}}