{"id":750,"date":"2018-06-04T10:38:57","date_gmt":"2018-06-04T07:38:57","guid":{"rendered":"http:\/\/www.mornamaa.ee\/pesa\/"},"modified":"2023-03-19T20:28:40","modified_gmt":"2023-03-19T18:28:40","slug":"pesa","status":"publish","type":"page","link":"https:\/\/www.mornamaa.ee\/en\/pesa\/","title":{"rendered":"Pes\u00e4"},"content":{"rendered":"\t\t<div data-elementor-type=\"wp-post\" data-elementor-id=\"750\" class=\"elementor elementor-750 elementor-30\" data-elementor-post-type=\"page\">\n\t\t\t\t\t\t<section class=\"elementor-section elementor-top-section elementor-element elementor-element-3555fa99 elementor-section-height-min-height elementor-section-items-bottom elementor-section-content-bottom elementor-section-boxed elementor-section-height-default\" data-id=\"3555fa99\" data-element_type=\"section\" data-settings=\"{&quot;background_background&quot;:&quot;classic&quot;}\">\n\t\t\t\t\t\t\t<div class=\"elementor-background-overlay\"><\/div>\n\t\t\t\t\t\t\t<div class=\"elementor-container elementor-column-gap-default\">\n\t\t\t\t\t<div class=\"elementor-column elementor-col-100 elementor-top-column elementor-element elementor-element-1bc7c283\" data-id=\"1bc7c283\" data-element_type=\"column\">\n\t\t\t<div class=\"elementor-widget-wrap elementor-element-populated\">\n\t\t\t\t\t\t<div class=\"elementor-element elementor-element-cf5ee73 elementor-widget elementor-widget-heading\" data-id=\"cf5ee73\" data-element_type=\"widget\" data-widget_type=\"heading.default\">\n\t\t\t\t<div class=\"elementor-widget-container\">\n\t\t\t\t\t<h2 class=\"elementor-heading-title elementor-size-default\">PES\u00c4 <i>(The Nest)<\/i> is great opportunity to spend a quality time with invaluable view.<\/h2>\t\t\t\t<\/div>\n\t\t\t\t<\/div>\n\t\t\t\t\t<\/div>\n\t\t<\/div>\n\t\t\t\t\t<\/div>\n\t\t<\/section>\n\t\t\t\t<section class=\"elementor-section elementor-top-section elementor-element elementor-element-665ae9d elementor-section-stretched elementor-section-full_width elementor-section-height-min-height elementor-section-height-default elementor-section-items-middle\" data-id=\"665ae9d\" data-element_type=\"section\" data-settings=\"{&quot;stretch_section&quot;:&quot;section-stretched&quot;}\">\n\t\t\t\t\t\t<div class=\"elementor-container elementor-column-gap-default\">\n\t\t\t\t\t<div class=\"elementor-column elementor-col-100 elementor-top-column elementor-element elementor-element-b9a9fd3\" data-id=\"b9a9fd3\" data-element_type=\"column\">\n\t\t\t<div class=\"elementor-widget-wrap elementor-element-populated\">\n\t\t\t\t\t\t<div class=\"elementor-element elementor-element-71370f0 galerii elementor-widget elementor-widget-image-gallery\" data-id=\"71370f0\" data-element_type=\"widget\" data-widget_type=\"image-gallery.default\">\n\t\t\t\t<div class=\"elementor-widget-container\">\n\t\t\t\t\t\t\t<div class=\"elementor-image-gallery\">\n\t\t\t<div id='gallery-1' class='gallery galleryid-750 gallery-columns-4 gallery-size-post-thumbnail'><figure class='gallery-item'>\n\t\t\t<div class='gallery-icon landscape'>\n\t\t\t\t<a data-elementor-open-lightbox=\"yes\" data-elementor-lightbox-slideshow=\"71370f0\" data-elementor-lightbox-title=\"2MS27MAY17G3\" data-e-action-hash=\"#elementor-action%3Aaction%3Dlightbox%26settings%3DeyJpZCI6Nzc0OSwidXJsIjoiaHR0cHM6XC9cL3d3dy5tb3JuYW1hYS5lZVwvd3AtY29udGVudFwvdXBsb2Fkc1wvMjAxOFwvMDZcLzJNUzI3TUFZMTdHMy5qcGciLCJzbGlkZXNob3ciOiI3MTM3MGYwIn0%3D\" href='https:\/\/www.mornamaa.ee\/wp-content\/uploads\/2018\/06\/2MS27MAY17G3.jpg'><img fetchpriority=\"high\" decoding=\"async\" width=\"604\" height=\"270\" src=\"https:\/\/www.mornamaa.ee\/wp-content\/uploads\/2018\/06\/2MS27MAY17G3-604x270.jpg\" class=\"attachment-post-thumbnail size-post-thumbnail\" alt=\"\" \/><\/a>\n\t\t\t<\/div><\/figure><figure class='gallery-item'>\n\t\t\t<div class='gallery-icon landscape'>\n\t\t\t\t<a data-elementor-open-lightbox=\"yes\" data-elementor-lightbox-slideshow=\"71370f0\" data-elementor-lightbox-title=\"2MS27MAY17G10-1024x683\" data-e-action-hash=\"#elementor-action%3Aaction%3Dlightbox%26settings%3DeyJpZCI6NDkzLCJ1cmwiOiJodHRwczpcL1wvd3d3Lm1vcm5hbWFhLmVlXC93cC1jb250ZW50XC91cGxvYWRzXC8yMDE4XC8wNlwvMk1TMjdNQVkxN0cxMC0xMDI0eDY4My5qcGciLCJzbGlkZXNob3ciOiI3MTM3MGYwIn0%3D\" href='https:\/\/www.mornamaa.ee\/wp-content\/uploads\/2018\/06\/2MS27MAY17G10-1024x683.jpg'><img decoding=\"async\" width=\"604\" height=\"270\" src=\"https:\/\/www.mornamaa.ee\/wp-content\/uploads\/2018\/06\/2MS27MAY17G10-1024x683-604x270.jpg\" class=\"attachment-post-thumbnail size-post-thumbnail\" alt=\"\" \/><\/a>\n\t\t\t<\/div><\/figure><figure class='gallery-item'>\n\t\t\t<div class='gallery-icon landscape'>\n\t\t\t\t<a data-elementor-open-lightbox=\"yes\" data-elementor-lightbox-slideshow=\"71370f0\" data-elementor-lightbox-title=\"2MS27MAY17G17\" data-e-action-hash=\"#elementor-action%3Aaction%3Dlightbox%26settings%3DeyJpZCI6MzQxNCwidXJsIjoiaHR0cHM6XC9cL3d3dy5tb3JuYW1hYS5lZVwvd3AtY29udGVudFwvdXBsb2Fkc1wvMjAxOFwvMDZcLzJNUzI3TUFZMTdHMTcuanBnIiwic2xpZGVzaG93IjoiNzEzNzBmMCJ9\" href='https:\/\/www.mornamaa.ee\/wp-content\/uploads\/2018\/06\/2MS27MAY17G17.jpg'><img decoding=\"async\" width=\"604\" height=\"270\" src=\"https:\/\/www.mornamaa.ee\/wp-content\/uploads\/2018\/06\/2MS27MAY17G17-604x270.jpg\" class=\"attachment-post-thumbnail size-post-thumbnail\" alt=\"PES\u00c4\" \/><\/a>\n\t\t\t<\/div><\/figure><figure class='gallery-item'>\n\t\t\t<div class='gallery-icon landscape'>\n\t\t\t\t<a data-elementor-open-lightbox=\"yes\" data-elementor-lightbox-slideshow=\"71370f0\" data-elementor-lightbox-title=\"2MS27MAY17G12\" data-e-action-hash=\"#elementor-action%3Aaction%3Dlightbox%26settings%3DeyJpZCI6NTk5OSwidXJsIjoiaHR0cHM6XC9cL3d3dy5tb3JuYW1hYS5lZVwvd3AtY29udGVudFwvdXBsb2Fkc1wvMjAxOFwvMDZcLzJNUzI3TUFZMTdHMTIuanBnIiwic2xpZGVzaG93IjoiNzEzNzBmMCJ9\" href='https:\/\/www.mornamaa.ee\/wp-content\/uploads\/2018\/06\/2MS27MAY17G12.jpg'><img loading=\"lazy\" decoding=\"async\" width=\"604\" height=\"270\" src=\"https:\/\/www.mornamaa.ee\/wp-content\/uploads\/2018\/06\/2MS27MAY17G12-604x270.jpg\" class=\"attachment-post-thumbnail size-post-thumbnail\" alt=\"\" aria-describedby=\"gallery-1-5999\" \/><\/a>\n\t\t\t<\/div>\n\t\t\t\t<figcaption class='wp-caption-text gallery-caption' id='gallery-1-5999'>\n\t\t\t\tVaade\n\t\t\t\t<\/figcaption><\/figure>\n\t\t<\/div>\n\t\t<\/div>\n\t\t\t\t\t\t<\/div>\n\t\t\t\t<\/div>\n\t\t\t\t\t<\/div>\n\t\t<\/div>\n\t\t\t\t\t<\/div>\n\t\t<\/section>\n\t\t\t\t<section class=\"elementor-section elementor-top-section elementor-element elementor-element-0d29233 elementor-section-boxed elementor-section-height-default elementor-section-height-default\" data-id=\"0d29233\" data-element_type=\"section\">\n\t\t\t\t\t\t<div class=\"elementor-container elementor-column-gap-default\">\n\t\t\t\t\t<div class=\"elementor-column elementor-col-100 elementor-top-column elementor-element elementor-element-5f47729\" data-id=\"5f47729\" data-element_type=\"column\">\n\t\t\t<div class=\"elementor-widget-wrap elementor-element-populated\">\n\t\t\t\t\t\t<div class=\"elementor-element elementor-element-a164cde elementor-widget elementor-widget-text-editor\" data-id=\"a164cde\" data-element_type=\"widget\" data-widget_type=\"text-editor.default\">\n\t\t\t\t<div class=\"elementor-widget-container\">\n\t\t\t\t\t\t\t\t\t<ul>\n<li>One night 60\u20ac\/ up to 4 person<br><br><\/li>\n<li>Continental breakfast in Pes\u00e4 (mini-croissant,&nbsp;ham, cheese,&nbsp;coffee\/tea, Morna farm jam) \u2013 7\u20ac\/person<\/li>\n<li>Invigorative&nbsp;breakfast in Veinimajas (mini-croissant,&nbsp;ham, cheese,&nbsp;coffee\/tea, nutritious morning porrige, Morna farm jam) \u2013 10\u20ac\/person<br><p><\/p>\n<p><a href=\"https:\/\/www.booking.com\/hotel\/ee\/pesa-1.en-gb.html?label=gen173nr-1FCAEoggI46AdIM1gEaEKIAQGYAQm4ARfIAQzYAQHoAQH4AQuIAgGoAgO4ApHa2ZYGwAIB0gIkN2IzMTFhODAtN2UyMy00NmFkLWI3NDAtMTEyZDhjYTkxYTM12AIG4AIB&amp;sid=3423af3e5d44ee48e0ec8bd14b965ff3&amp;aid=304142&amp;ucfs=1&amp;arphpl=1&amp;dest_id=-2624072&amp;dest_type=city&amp;group_adults=2&amp;req_adults=2&amp;no_rooms=1&amp;group_children=0&amp;req_children=0&amp;hpos=4&amp;hapos=4&amp;sr_order=popularity&amp;srpvid=96833ca59807002f&amp;srepoch=1658219852&amp;from=searchresults&amp;map=1\">Book PES\u00c4 1 &lt; Booking.com<\/a><br><a href=\"https:\/\/www.booking.com\/hotel\/ee\/mornamaa-puumaja-pesa-2.en-gb.html?label=gen173nr-1FCAEoggI46AdIM1gEaEKIAQGYAQm4ARfIAQzYAQHoAQH4AQuIAgGoAgO4ApHa2ZYGwAIB0gIkN2IzMTFhODAtN2UyMy00NmFkLWI3NDAtMTEyZDhjYTkxYTM12AIG4AIB&amp;sid=3423af3e5d44ee48e0ec8bd14b965ff3&amp;aid=304142&amp;ucfs=1&amp;arphpl=1&amp;dest_id=-2624072&amp;dest_type=city&amp;group_adults=2&amp;req_adults=2&amp;no_rooms=1&amp;group_children=0&amp;req_children=0&amp;hpos=5&amp;hapos=5&amp;sr_order=popularity&amp;srpvid=96833ca59807002f&amp;srepoch=1658219852&amp;from=searchresults#hotelTmpl\">Book PES\u00c4 2 &lt; Booking.com<\/a><\/p>\n<\/li>\n<\/ul>\n<p>&nbsp; &nbsp; &nbsp; &nbsp; &nbsp; or&nbsp;+372 5660 4287,&nbsp;<a href=\"mailto:majutus.mornamaa@gmail.com\">majutus.mornamaa@gmail.com<\/a><\/p>\t\t\t\t\t\t\t\t<\/div>\n\t\t\t\t<\/div>\n\t\t\t\t\t<\/div>\n\t\t<\/div>\n\t\t\t\t\t<\/div>\n\t\t<\/section>\n\t\t\t\t<section class=\"elementor-section elementor-top-section elementor-element elementor-element-4d8e843 elementor-section-boxed elementor-section-height-default elementor-section-height-default\" data-id=\"4d8e843\" data-element_type=\"section\">\n\t\t\t\t\t\t<div class=\"elementor-container elementor-column-gap-default\">\n\t\t\t\t\t<div class=\"elementor-column elementor-col-50 elementor-top-column elementor-element elementor-element-50cdfb3\" data-id=\"50cdfb3\" data-element_type=\"column\">\n\t\t\t<div class=\"elementor-widget-wrap elementor-element-populated\">\n\t\t\t\t\t\t<div class=\"elementor-element elementor-element-5165fc7 elementor-widget elementor-widget-text-editor\" data-id=\"5165fc7\" data-element_type=\"widget\" data-widget_type=\"text-editor.default\">\n\t\t\t\t<div class=\"elementor-widget-container\">\n\t\t\t\t\t\t\t\t\t<p class=\"western\" align=\"left\"><span style=\"color: #000000;\"><span style=\"font-size: medium;\">The 12 m<\/span><\/span><span style=\"color: #000000;\"><sup><span style=\"font-size: medium;\">2<\/span><\/sup><\/span><span style=\"color: #000000;\"><span style=\"font-size: medium;\"> room with a large window and a magnificent view is big enough for a whole family. The modern and functional new-age cabin has a bunk bed, a sofa and a large chest, which can be combined to create two or three extra places for sleeping. The textiles are decorated with Mulgimaa patterns. You can see the sunrise and the sunset from the large window, as well as wild animals wandering past.<\/span><\/span><\/p><p class=\"western\" align=\"left\"><span style=\"color: #000000;\"><span style=\"font-size: medium;\">The cabins are firmly fixed to the ground and weatherproof, they don\u2019t cool down quickly in winter and they remain nicely cool in summer. The treehouses are connected to each other with wooden terraces and there is a balcony in front of the large window. The toilets and shower is located nearby in the Veinimaja.<\/span><\/span><\/p>\t\t\t\t\t\t\t\t<\/div>\n\t\t\t\t<\/div>\n\t\t\t\t\t<\/div>\n\t\t<\/div>\n\t\t\t\t<div class=\"elementor-column elementor-col-50 elementor-top-column elementor-element elementor-element-d7b6620\" data-id=\"d7b6620\" data-element_type=\"column\">\n\t\t\t<div class=\"elementor-widget-wrap elementor-element-populated\">\n\t\t\t\t\t\t<div class=\"elementor-element elementor-element-4eaae65 elementor-widget elementor-widget-text-editor\" data-id=\"4eaae65\" data-element_type=\"widget\" data-widget_type=\"text-editor.default\">\n\t\t\t\t<div class=\"elementor-widget-container\">\n\t\t\t\t\t\t\t\t\t<p class=\"western\" align=\"left\"><span style=\"color: #000000;\"><span style=\"font-size: medium;\">The treehouse gives you the chance to recharge your batteries \u2013 be by yourself, far away from your daily chores, think new or forgotten thoughts, dream, have a rest and enjoy the beautiful view, take a walk in nature or rent a bike.<\/span><\/span><\/p>\n<p class=\"western\" align=\"left\"><span style=\"color: #000000;\"><span style=\"font-size: medium;\"><i>The treehouses continue the tradition of the stilt barns and houses of many peoples <\/i><\/span><\/span><span style=\"color: #000000;\"><span style=\"font-size: medium;\">\u2013 <\/span><\/span><span style=\"color: #000000;\"><span style=\"font-size: medium;\"><i>a living or storage space above the ground, which is hard to access for water, animals or strangers. The building is considered the oldest permanent building in the world\u2019s forest zone. The stories of the Siberian peoples, and also Russian fairy-tales, mention houses with chicken legs, which are mystical places where our world meets the netherworld.<\/i><\/span><\/span><\/p>\n\t\t\t\t\t\t\t\t<\/div>\n\t\t\t\t<\/div>\n\t\t\t\t\t<\/div>\n\t\t<\/div>\n\t\t\t\t\t<\/div>\n\t\t<\/section>\n\t\t\t\t<section class=\"elementor-section elementor-top-section elementor-element elementor-element-76ba856 elementor-section-boxed elementor-section-height-default elementor-section-height-default\" data-id=\"76ba856\" data-element_type=\"section\">\n\t\t\t\t\t\t<div class=\"elementor-container elementor-column-gap-default\">\n\t\t\t\t\t<div class=\"elementor-column elementor-col-100 elementor-top-column elementor-element elementor-element-36d853e\" data-id=\"36d853e\" data-element_type=\"column\">\n\t\t\t<div class=\"elementor-widget-wrap\">\n\t\t\t\t\t\t\t<\/div>\n\t\t<\/div>\n\t\t\t\t\t<\/div>\n\t\t<\/section>\n\t\t\t\t<section class=\"elementor-section elementor-top-section elementor-element elementor-element-94f683c elementor-section-boxed elementor-section-height-default elementor-section-height-default\" data-id=\"94f683c\" data-element_type=\"section\" data-settings=\"{&quot;background_background&quot;:&quot;classic&quot;}\">\n\t\t\t\t\t\t<div class=\"elementor-container elementor-column-gap-default\">\n\t\t\t\t\t<div class=\"elementor-column elementor-col-100 elementor-top-column elementor-element elementor-element-9e02877\" data-id=\"9e02877\" data-element_type=\"column\" data-settings=\"{&quot;background_background&quot;:&quot;classic&quot;}\">\n\t\t\t<div class=\"elementor-widget-wrap elementor-element-populated\">\n\t\t\t\t\t\t<div class=\"elementor-element elementor-element-967b5d5 elementor-blockquote--skin-quotation elementor-blockquote--align-left elementor-widget elementor-widget-blockquote\" data-id=\"967b5d5\" data-element_type=\"widget\" data-widget_type=\"blockquote.default\">\n\t\t\t\t<div class=\"elementor-widget-container\">\n\t\t\t\t\t\t\t<blockquote class=\"elementor-blockquote\">\n\t\t\t<p class=\"elementor-blockquote__content\">\n\t\t\t\tIt is a great thing! Such 'off-the-ground' cabin is very special and enriches the landscape.<br><br>\n\nAndres Mets, farmer and neighbor\t\t\t<\/p>\n\t\t\t\t\t<\/blockquote>\n\t\t\t\t\t\t<\/div>\n\t\t\t\t<\/div>\n\t\t\t\t\t<\/div>\n\t\t<\/div>\n\t\t\t\t\t<\/div>\n\t\t<\/section>\n\t\t\t\t<\/div>\n\t\t","protected":false},"excerpt":{"rendered":"<p>PES\u00c4 (The Nest) is great opportunity to spend a quality time with invaluable view. One night 60\u20ac\/ up to 4 person Continental breakfast in Pes\u00e4 (mini-croissant,&nbsp;ham, cheese,&nbsp;coffee\/tea, Morna farm jam) \u2013 7\u20ac\/person Invigorative&nbsp;breakfast in Veinimajas (mini-croissant,&nbsp;ham, cheese,&nbsp;coffee\/tea, nutritious morning porrige, Morna farm jam) \u2013 10\u20ac\/person Book PES\u00c4 1 &lt; Booking.comBook PES\u00c4 2 &lt; Booking.com &nbsp; &hellip; <a href=\"https:\/\/www.mornamaa.ee\/en\/pesa\/\" class=\"more-link\">Continue reading <span class=\"screen-reader-text\">Pes\u00e4<\/span> <span class=\"meta-nav\">&rarr;<\/span><\/a><\/p>\n","protected":false},"author":1,"featured_media":0,"parent":0,"menu_order":0,"comment_status":"closed","ping_status":"closed","template":"elementor_header_footer","meta":{"_acf_changed":false,"footnotes":""},"class_list":["post-750","page","type-page","status-publish","hentry"],"acf":[],"yoast_head":"<!-- This site is optimized with the Yoast SEO plugin v26.4 - https:\/\/yoast.com\/wordpress\/plugins\/seo\/ -->\n<title>Pes\u00e4 - Morna \u00d5nne talu<\/title>\n<meta name=\"robots\" content=\"index, follow, max-snippet:-1, max-image-preview:large, max-video-preview:-1\" \/>\n<link rel=\"canonical\" href=\"https:\/\/www.mornamaa.ee\/en\/pesa\/\" \/>\n<meta property=\"og:locale\" content=\"en_US\" \/>\n<meta property=\"og:type\" content=\"article\" \/>\n<meta property=\"og:title\" content=\"Pes\u00e4 - Morna \u00d5nne talu\" \/>\n<meta property=\"og:description\" content=\"PES\u00c4 (The Nest) is great opportunity to spend a quality time with invaluable view. One night 60\u20ac\/ up to 4 person Continental breakfast in Pes\u00e4 (mini-croissant,&nbsp;ham, cheese,&nbsp;coffee\/tea, Morna farm jam) \u2013 7\u20ac\/person Invigorative&nbsp;breakfast in Veinimajas (mini-croissant,&nbsp;ham, cheese,&nbsp;coffee\/tea, nutritious morning porrige, Morna farm jam) \u2013 10\u20ac\/person Book PES\u00c4 1 &lt; Booking.comBook PES\u00c4 2 &lt; Booking.com &nbsp; &hellip; Continue reading Pes\u00e4 &rarr;\" \/>\n<meta property=\"og:url\" content=\"https:\/\/www.mornamaa.ee\/en\/pesa\/\" \/>\n<meta property=\"og:site_name\" content=\"Morna \u00d5nne talu\" \/>\n<meta property=\"article:publisher\" content=\"https:\/\/www.facebook.com\/mornamaa\/\" \/>\n<meta property=\"article:modified_time\" content=\"2023-03-19T18:28:40+00:00\" \/>\n<meta property=\"og:image\" content=\"https:\/\/www.mornamaa.ee\/wp-content\/uploads\/2018\/06\/2MS27MAY17G3-604x270.jpg\" \/>\n<meta name=\"twitter:card\" content=\"summary_large_image\" \/>\n<meta name=\"twitter:label1\" content=\"Est. reading time\" \/>\n\t<meta name=\"twitter:data1\" content=\"3 minutes\" \/>\n<script type=\"application\/ld+json\" class=\"yoast-schema-graph\">{\"@context\":\"https:\/\/schema.org\",\"@graph\":[{\"@type\":\"WebPage\",\"@id\":\"https:\/\/www.mornamaa.ee\/en\/pesa\/\",\"url\":\"https:\/\/www.mornamaa.ee\/en\/pesa\/\",\"name\":\"Pes\u00e4 - Morna \u00d5nne talu\",\"isPartOf\":{\"@id\":\"https:\/\/www.mornamaa.ee\/#website\"},\"primaryImageOfPage\":{\"@id\":\"https:\/\/www.mornamaa.ee\/en\/pesa\/#primaryimage\"},\"image\":{\"@id\":\"https:\/\/www.mornamaa.ee\/en\/pesa\/#primaryimage\"},\"thumbnailUrl\":\"https:\/\/www.mornamaa.ee\/wp-content\/uploads\/2018\/06\/2MS27MAY17G3-604x270.jpg\",\"datePublished\":\"2018-06-04T07:38:57+00:00\",\"dateModified\":\"2023-03-19T18:28:40+00:00\",\"breadcrumb\":{\"@id\":\"https:\/\/www.mornamaa.ee\/en\/pesa\/#breadcrumb\"},\"inLanguage\":\"en-US\",\"potentialAction\":[{\"@type\":\"ReadAction\",\"target\":[\"https:\/\/www.mornamaa.ee\/en\/pesa\/\"]}]},{\"@type\":\"ImageObject\",\"inLanguage\":\"en-US\",\"@id\":\"https:\/\/www.mornamaa.ee\/en\/pesa\/#primaryimage\",\"url\":\"https:\/\/www.mornamaa.ee\/wp-content\/uploads\/2018\/06\/2MS27MAY17G3-604x270.jpg\",\"contentUrl\":\"https:\/\/www.mornamaa.ee\/wp-content\/uploads\/2018\/06\/2MS27MAY17G3-604x270.jpg\"},{\"@type\":\"BreadcrumbList\",\"@id\":\"https:\/\/www.mornamaa.ee\/en\/pesa\/#breadcrumb\",\"itemListElement\":[{\"@type\":\"ListItem\",\"position\":1,\"name\":\"Home\",\"item\":\"https:\/\/www.mornamaa.ee\/en\/\"},{\"@type\":\"ListItem\",\"position\":2,\"name\":\"Pes\u00e4\"}]},{\"@type\":\"WebSite\",\"@id\":\"https:\/\/www.mornamaa.ee\/#website\",\"url\":\"https:\/\/www.mornamaa.ee\/\",\"name\":\"Morna \u00d5nne talu\",\"description\":\"Veinitalu ja veinimuuseum\",\"potentialAction\":[{\"@type\":\"SearchAction\",\"target\":{\"@type\":\"EntryPoint\",\"urlTemplate\":\"https:\/\/www.mornamaa.ee\/?s={search_term_string}\"},\"query-input\":{\"@type\":\"PropertyValueSpecification\",\"valueRequired\":true,\"valueName\":\"search_term_string\"}}],\"inLanguage\":\"en-US\"}]}<\/script>\n<!-- \/ Yoast SEO plugin. -->","yoast_head_json":{"title":"Pes\u00e4 - Morna \u00d5nne talu","robots":{"index":"index","follow":"follow","max-snippet":"max-snippet:-1","max-image-preview":"max-image-preview:large","max-video-preview":"max-video-preview:-1"},"canonical":"https:\/\/www.mornamaa.ee\/en\/pesa\/","og_locale":"en_US","og_type":"article","og_title":"Pes\u00e4 - Morna \u00d5nne talu","og_description":"PES\u00c4 (The Nest) is great opportunity to spend a quality time with invaluable view. One night 60\u20ac\/ up to 4 person Continental breakfast in Pes\u00e4 (mini-croissant,&nbsp;ham, cheese,&nbsp;coffee\/tea, Morna farm jam) \u2013 7\u20ac\/person Invigorative&nbsp;breakfast in Veinimajas (mini-croissant,&nbsp;ham, cheese,&nbsp;coffee\/tea, nutritious morning porrige, Morna farm jam) \u2013 10\u20ac\/person Book PES\u00c4 1 &lt; Booking.comBook PES\u00c4 2 &lt; Booking.com &nbsp; &hellip; Continue reading Pes\u00e4 &rarr;","og_url":"https:\/\/www.mornamaa.ee\/en\/pesa\/","og_site_name":"Morna \u00d5nne talu","article_publisher":"https:\/\/www.facebook.com\/mornamaa\/","article_modified_time":"2023-03-19T18:28:40+00:00","og_image":[{"url":"https:\/\/www.mornamaa.ee\/wp-content\/uploads\/2018\/06\/2MS27MAY17G3-604x270.jpg","type":"","width":"","height":""}],"twitter_card":"summary_large_image","twitter_misc":{"Est. reading time":"3 minutes"},"schema":{"@context":"https:\/\/schema.org","@graph":[{"@type":"WebPage","@id":"https:\/\/www.mornamaa.ee\/en\/pesa\/","url":"https:\/\/www.mornamaa.ee\/en\/pesa\/","name":"Pes\u00e4 - Morna \u00d5nne talu","isPartOf":{"@id":"https:\/\/www.mornamaa.ee\/#website"},"primaryImageOfPage":{"@id":"https:\/\/www.mornamaa.ee\/en\/pesa\/#primaryimage"},"image":{"@id":"https:\/\/www.mornamaa.ee\/en\/pesa\/#primaryimage"},"thumbnailUrl":"https:\/\/www.mornamaa.ee\/wp-content\/uploads\/2018\/06\/2MS27MAY17G3-604x270.jpg","datePublished":"2018-06-04T07:38:57+00:00","dateModified":"2023-03-19T18:28:40+00:00","breadcrumb":{"@id":"https:\/\/www.mornamaa.ee\/en\/pesa\/#breadcrumb"},"inLanguage":"en-US","potentialAction":[{"@type":"ReadAction","target":["https:\/\/www.mornamaa.ee\/en\/pesa\/"]}]},{"@type":"ImageObject","inLanguage":"en-US","@id":"https:\/\/www.mornamaa.ee\/en\/pesa\/#primaryimage","url":"https:\/\/www.mornamaa.ee\/wp-content\/uploads\/2018\/06\/2MS27MAY17G3-604x270.jpg","contentUrl":"https:\/\/www.mornamaa.ee\/wp-content\/uploads\/2018\/06\/2MS27MAY17G3-604x270.jpg"},{"@type":"BreadcrumbList","@id":"https:\/\/www.mornamaa.ee\/en\/pesa\/#breadcrumb","itemListElement":[{"@type":"ListItem","position":1,"name":"Home","item":"https:\/\/www.mornamaa.ee\/en\/"},{"@type":"ListItem","position":2,"name":"Pes\u00e4"}]},{"@type":"WebSite","@id":"https:\/\/www.mornamaa.ee\/#website","url":"https:\/\/www.mornamaa.ee\/","name":"Morna \u00d5nne talu","description":"Veinitalu ja veinimuuseum","potentialAction":[{"@type":"SearchAction","target":{"@type":"EntryPoint","urlTemplate":"https:\/\/www.mornamaa.ee\/?s={search_term_string}"},"query-input":{"@type":"PropertyValueSpecification","valueRequired":true,"valueName":"search_term_string"}}],"inLanguage":"en-US"}]}},"_links":{"self":[{"href":"https:\/\/www.mornamaa.ee\/en\/wp-json\/wp\/v2\/pages\/750","targetHints":{"allow":["GET"]}}],"collection":[{"href":"https:\/\/www.mornamaa.ee\/en\/wp-json\/wp\/v2\/pages"}],"about":[{"href":"https:\/\/www.mornamaa.ee\/en\/wp-json\/wp\/v2\/types\/page"}],"author":[{"embeddable":true,"href":"https:\/\/www.mornamaa.ee\/en\/wp-json\/wp\/v2\/users\/1"}],"replies":[{"embeddable":true,"href":"https:\/\/www.mornamaa.ee\/en\/wp-json\/wp\/v2\/comments?post=750"}],"version-history":[{"count":118,"href":"https:\/\/www.mornamaa.ee\/en\/wp-json\/wp\/v2\/pages\/750\/revisions"}],"predecessor-version":[{"id":7652,"href":"https:\/\/www.mornamaa.ee\/en\/wp-json\/wp\/v2\/pages\/750\/revisions\/7652"}],"wp:attachment":[{"href":"https:\/\/www.mornamaa.ee\/en\/wp-json\/wp\/v2\/media?parent=750"}],"curies":[{"name":"wp","href":"https:\/\/api.w.org\/{rel}","templated":true}]}}